{"id":2150,"date":"2024-01-06T10:40:10","date_gmt":"2024-01-06T10:40:10","guid":{"rendered":"https:\/\/crystaluniverses.com\/?post_type=product&#038;p=2150"},"modified":"2024-01-06T11:26:58","modified_gmt":"2024-01-06T11:26:58","slug":"natural-lapis-pyramid-for-reiki-healing-grid-vastu-correction","status":"publish","type":"product","link":"https:\/\/crystaluniverses.com\/index.php\/product\/natural-lapis-pyramid-for-reiki-healing-grid-vastu-correction\/","title":{"rendered":"Natural Lapis Pyramid for Reiki Healing\/Grid Vastu Correction"},"content":{"rendered":"<p><strong>Good for balancing the Throat Chakra,Lapis Lazuli reminds us of the power of the spoken word,fosters full verbal expression,and clears problems caused by &#8220;swallowing your tongue.&#8221;Lapis Lazuli encourages clear expression when sharing information with others,including easier communication of anger.<br><br>The most powerful area in a pyramid is in the center,near the apex,so it can be helpful to focus your intention into this spot.When working with these powerful items,be sure you have stated a purpose for the highest good,and are clear about your desires.<br><br>Also a Third Eye Chakra opener,Lapis Lazuli connects the physical and celestial kingdoms.Deeply peaceful,Lapis Lazuli provides wisdom into mystical realms and connection with spiritual guardians.Lapis Lazuli is a good stone to expand intuitive skills while remaining objective and open to reasoned analysis.Lapis Lazuli also protects against psychic attack,shielding negative energy and returning any negative vibrations to their source.<\/strong><\/p>","protected":false},"excerpt":{"rendered":"<p><strong><span style=\"margin: 0px;padding: 0px;border: 0px;line-height: inherit;vertical-align: baseline;, sans-serif;font-size: 14px;font-weight: 600\">Type: Pyramid Feng Shui &amp; Vastu Showpiece<\/span><br \/>Colour:- Blue<br \/>Shape:- Pyramid<br \/><span style=\"margin: 0px;padding: 0px;border: 0px;line-height: inherit;vertical-align: baseline;, sans-serif;font-size: 14px;font-weight: 600\">Material: Crystal<\/span><br \/><span style=\"margin: 0px;padding: 0px;border: 0px;line-height: inherit;vertical-align: baseline;, sans-serif;font-size: 14px;font-weight: 600\">Products Size:- Available in All Sizes<\/span>(customized)<br \/><span style=\"margin: 0px;padding: 0px;border: 0px;line-height: inherit;vertical-align: baseline;, sans-serif;font-size: 14px;font-weight: 600\">Showpiece, Table D\u00e9cor , Home D\u00e9cor, Office D\u00e9cor, Attractive Gifts, Wellness boutique<\/span><br \/><span style=\"margin: 0px;padding: 0px;border: 0px;line-height: inherit;vertical-align: baseline;, sans-serif;font-size: 14px;font-weight: 600\">Suitable For: Table, Showpiece and decorative<\/span><br \/><span style=\"margin: 0px;padding: 0px;border: 0px;line-height: inherit;vertical-align: baseline;, sans-serif;font-size: 14px;font-weight: 600\">Occasion:- Christmas, Graduation, Housewarming, Anniversary, Thanksgiving<\/span><br \/><span style=\"margin: 0px;padding: 0px;border: 0px;line-height: inherit;vertical-align: baseline;, sans-serif;font-size: 14px;font-weight: 600\">Cartoon Character:- bubble<\/span><br \/><span style=\"margin: 0px;padding: 0px;border: 0px;line-height: inherit;vertical-align: baseline;, sans-serif;font-size: 14px;font-weight: 600\">Specific Uses For Product:- home d\u00e9cor<\/span><br \/><span style=\"margin: 0px;padding: 0px;border: 0px;line-height: inherit;vertical-align: baseline;, sans-serif;font-size: 14px;font-weight: 600\">Special Feature:- handmade<\/span><\/strong><\/p>\n","protected":false},"featured_media":2152,"comment_status":"open","ping_status":"closed","template":"","meta":[],"product_brand":[],"product_cat":[88,188],"product_tag":[192,162],"class_list":{"0":"post-2150","1":"product","2":"type-product","3":"status-publish","4":"has-post-thumbnail","6":"product_cat-lapis","7":"product_cat-pyramid-lapis","8":"product_tag-lapise","9":"product_tag-pyramid","11":"first","12":"instock","13":"shipping-taxable","14":"product-type-simple"},"_links":{"self":[{"href":"https:\/\/crystaluniverses.com\/index.php\/wp-json\/wp\/v2\/product\/2150","targetHints":{"allow":["GET"]}}],"collection":[{"href":"https:\/\/crystaluniverses.com\/index.php\/wp-json\/wp\/v2\/product"}],"about":[{"href":"https:\/\/crystaluniverses.com\/index.php\/wp-json\/wp\/v2\/types\/product"}],"replies":[{"embeddable":true,"href":"https:\/\/crystaluniverses.com\/index.php\/wp-json\/wp\/v2\/comments?post=2150"}],"wp:featuredmedia":[{"embeddable":true,"href":"https:\/\/crystaluniverses.com\/index.php\/wp-json\/wp\/v2\/media\/2152"}],"wp:attachment":[{"href":"https:\/\/crystaluniverses.com\/index.php\/wp-json\/wp\/v2\/media?parent=2150"}],"wp:term":[{"taxonomy":"product_brand","embeddable":true,"href":"https:\/\/crystaluniverses.com\/index.php\/wp-json\/wp\/v2\/product_brand?post=2150"},{"taxonomy":"product_cat","embeddable":true,"href":"https:\/\/crystaluniverses.com\/index.php\/wp-json\/wp\/v2\/product_cat?post=2150"},{"taxonomy":"product_tag","embeddable":true,"href":"https:\/\/crystaluniverses.com\/index.php\/wp-json\/wp\/v2\/product_tag?post=2150"}],"curies":[{"name":"wp","href":"https:\/\/api.w.org\/{rel}","templated":true}]}}