{"id":2391,"date":"2024-01-09T17:21:20","date_gmt":"2024-01-09T17:21:20","guid":{"rendered":"https:\/\/crystaluniverses.com\/?post_type=product&#038;p=2391"},"modified":"2024-01-09T17:27:17","modified_gmt":"2024-01-09T17:27:17","slug":"natural-carnelian-pyramid-for-reiki-healing-vastu-correction-and-gift","status":"publish","type":"product","link":"https:\/\/crystaluniverses.com\/index.php\/product\/natural-carnelian-pyramid-for-reiki-healing-vastu-correction-and-gift\/","title":{"rendered":"Natural Carnelian Pyramid for Reiki Healing Vastu Correction and Gift"},"content":{"rendered":"<p><strong>Carnelian is said to warm, heal and protect. It is believed to bring fire and passion to all areas of life, whilst keeping our feet on the ground.<br>A pyramid shape is ideal for releasing powerful properties of Carnelian. The tapered shape is said to focus and gently release the energy of crystals and is a wonderful addition to any crystal collection.<br>Our pyramids come in a variety of different sizes. Price is for 1 pyramid of the selected size.<br>Each pyramid is unique and may vary in colour and pattern.<\/strong><\/p>","protected":false},"excerpt":{"rendered":"<p><strong><span style=\"margin: 0px;padding: 0px;border: 0px;line-height: inherit;vertical-align: baseline;, sans-serif;font-size: 14px;font-weight: 600\">Type: Pyramid Feng Shui &amp; Vastu Showpiece<\/span><br \/><span style=\"margin: 0px;padding: 0px;border: 0px;line-height: inherit;vertical-align: baseline;, sans-serif;font-size: 14px;font-weight: 600\">Material: Crystal<\/span><br \/>Colour:- Red and Orange<br \/><span style=\"margin: 0px;padding: 0px;border: 0px;line-height: inherit;vertical-align: baseline;, sans-serif;font-size: 14px;font-weight: 600\">Products Size:- Available in All Sizes<\/span>(Customized)<br \/><span style=\"margin: 0px;padding: 0px;border: 0px;line-height: inherit;vertical-align: baseline;, sans-serif;font-size: 14px;font-weight: 600\">Suitable For<\/span>;- <span style=\"margin: 0px;padding: 0px;border: 0px;line-height: inherit;vertical-align: baseline;, sans-serif;font-size: 14px;font-weight: 600\">Showpiece, Table D\u00e9cor , Home D\u00e9cor, Office D\u00e9cor, Attractive Gifts, Wellness boutique<\/span><br \/>O<span style=\"margin: 0px;padding: 0px;border: 0px;line-height: inherit;vertical-align: baseline;, sans-serif;font-size: 14px;font-weight: 600\">ccasion:- Christmas, Graduation, Housewarming, Anniversary, Thanksgiving<\/span><br \/><span style=\"margin: 0px;padding: 0px;border: 0px;line-height: inherit;vertical-align: baseline;, sans-serif;font-size: 14px;font-weight: 600\">Cartoon Character:- bubble<\/span><br \/><span style=\"margin: 0px;padding: 0px;border: 0px;line-height: inherit;vertical-align: baseline;, sans-serif;font-size: 14px;font-weight: 600\">Specific Uses For Product:- home d\u00e9cor<\/span><br \/><span style=\"margin: 0px;padding: 0px;border: 0px;line-height: inherit;vertical-align: baseline;, sans-serif;font-size: 14px;font-weight: 600\">Special Feature:- handmade<\/span><\/strong><\/p>\n","protected":false},"featured_media":2396,"comment_status":"open","ping_status":"closed","template":"","meta":[],"product_brand":[],"product_cat":[211,92],"product_tag":[216,162],"class_list":{"0":"post-2391","1":"product","2":"type-product","3":"status-publish","4":"has-post-thumbnail","6":"product_cat-pyramid-carnelian","7":"product_cat-carnelian","8":"product_tag-carnelian","9":"product_tag-pyramid","11":"first","12":"instock","13":"shipping-taxable","14":"product-type-simple"},"_links":{"self":[{"href":"https:\/\/crystaluniverses.com\/index.php\/wp-json\/wp\/v2\/product\/2391","targetHints":{"allow":["GET"]}}],"collection":[{"href":"https:\/\/crystaluniverses.com\/index.php\/wp-json\/wp\/v2\/product"}],"about":[{"href":"https:\/\/crystaluniverses.com\/index.php\/wp-json\/wp\/v2\/types\/product"}],"replies":[{"embeddable":true,"href":"https:\/\/crystaluniverses.com\/index.php\/wp-json\/wp\/v2\/comments?post=2391"}],"wp:featuredmedia":[{"embeddable":true,"href":"https:\/\/crystaluniverses.com\/index.php\/wp-json\/wp\/v2\/media\/2396"}],"wp:attachment":[{"href":"https:\/\/crystaluniverses.com\/index.php\/wp-json\/wp\/v2\/media?parent=2391"}],"wp:term":[{"taxonomy":"product_brand","embeddable":true,"href":"https:\/\/crystaluniverses.com\/index.php\/wp-json\/wp\/v2\/product_brand?post=2391"},{"taxonomy":"product_cat","embeddable":true,"href":"https:\/\/crystaluniverses.com\/index.php\/wp-json\/wp\/v2\/product_cat?post=2391"},{"taxonomy":"product_tag","embeddable":true,"href":"https:\/\/crystaluniverses.com\/index.php\/wp-json\/wp\/v2\/product_tag?post=2391"}],"curies":[{"name":"wp","href":"https:\/\/api.w.org\/{rel}","templated":true}]}}