{"id":3372,"date":"2024-01-21T04:43:05","date_gmt":"2024-01-21T04:43:05","guid":{"rendered":"https:\/\/crystaluniverses.com\/?post_type=product&#038;p=3372"},"modified":"2024-01-21T05:12:41","modified_gmt":"2024-01-21T05:12:41","slug":"natural-bloodsrone-pyramid-for-ddecorative-and-showpiece","status":"publish","type":"product","link":"https:\/\/crystaluniverses.com\/index.php\/product\/natural-bloodsrone-pyramid-for-ddecorative-and-showpiece\/","title":{"rendered":"Natural Bloodsrone Pyramid For Ddecorative And Showpiece"},"content":{"rendered":"<p><strong>BENEFITS OF The Bloodstone Healing Benefits:<br \/>-Used to purify and detoxify the body, especially the blood<br \/>-Can promote calmness, good for aggression<br \/>-Grounding &amp; protecting<br \/>-Promotes love<br \/>-Can boost vitality and stamina<br \/>-Great for the immune system<\/strong><\/p>\n","protected":false},"excerpt":{"rendered":"<p>Item : Bloodstone Stone Pyramid<br \/>Stone : Bloodstone <br \/>Size : \u2014 Available In All Sizes(Customized).<br \/>Color : Green And Red<br \/>Shape :- Pyramid<br \/>Showpiece, Table D\u00e9cor , Home D\u00e9cor, Office D\u00e9cor, Attractive Gifts, Wellness boutique<br \/>Suitable For: Table, Showpiece and decorative<br \/>Occasion:- Christmas, Graduation, Housewarming, Anniversary, Thanksgiving<br \/>Cartoon Character:- bubble<br \/>Specific Uses For Product:- home d\u00e9cor<\/p>\n","protected":false},"featured_media":3376,"comment_status":"open","ping_status":"closed","template":"","meta":[],"product_brand":[],"product_cat":[338,102],"product_tag":[341,162],"class_list":{"0":"post-3372","1":"product","2":"type-product","3":"status-publish","4":"has-post-thumbnail","6":"product_cat-pyramid-bloodstone","7":"product_cat-bloodstone","8":"product_tag-bloodstone","9":"product_tag-pyramid","11":"first","12":"instock","13":"shipping-taxable","14":"product-type-simple"},"_links":{"self":[{"href":"https:\/\/crystaluniverses.com\/index.php\/wp-json\/wp\/v2\/product\/3372","targetHints":{"allow":["GET"]}}],"collection":[{"href":"https:\/\/crystaluniverses.com\/index.php\/wp-json\/wp\/v2\/product"}],"about":[{"href":"https:\/\/crystaluniverses.com\/index.php\/wp-json\/wp\/v2\/types\/product"}],"replies":[{"embeddable":true,"href":"https:\/\/crystaluniverses.com\/index.php\/wp-json\/wp\/v2\/comments?post=3372"}],"wp:featuredmedia":[{"embeddable":true,"href":"https:\/\/crystaluniverses.com\/index.php\/wp-json\/wp\/v2\/media\/3376"}],"wp:attachment":[{"href":"https:\/\/crystaluniverses.com\/index.php\/wp-json\/wp\/v2\/media?parent=3372"}],"wp:term":[{"taxonomy":"product_brand","embeddable":true,"href":"https:\/\/crystaluniverses.com\/index.php\/wp-json\/wp\/v2\/product_brand?post=3372"},{"taxonomy":"product_cat","embeddable":true,"href":"https:\/\/crystaluniverses.com\/index.php\/wp-json\/wp\/v2\/product_cat?post=3372"},{"taxonomy":"product_tag","embeddable":true,"href":"https:\/\/crystaluniverses.com\/index.php\/wp-json\/wp\/v2\/product_tag?post=3372"}],"curies":[{"name":"wp","href":"https:\/\/api.w.org\/{rel}","templated":true}]}}