{"id":3454,"date":"2024-01-22T05:32:30","date_gmt":"2024-01-22T05:32:30","guid":{"rendered":"https:\/\/crystaluniverses.com\/?post_type=product&#038;p=3454"},"modified":"2024-01-22T05:56:06","modified_gmt":"2024-01-22T05:56:06","slug":"natural-pyrite-pyramid","status":"publish","type":"product","link":"https:\/\/crystaluniverses.com\/index.php\/product\/natural-pyrite-pyramid\/","title":{"rendered":"Natural Pyrite Pyramid For  Reiki Healing Crystal Healing Vastu Positive Energy Money Home D\u00e9cor"},"content":{"rendered":"<p><strong>Features:<br \/><img decoding=\"async\" role=\"img\" class=\"emoji\" src=\"https:\/\/s.w.org\/images\/core\/emoji\/14.0.0\/svg\/1f48e.svg\" alt=\"\ud83d\udc8e\">Made from high-quality pyrite crystal<br \/><img decoding=\"async\" role=\"img\" class=\"emoji\" src=\"https:\/\/s.w.org\/images\/core\/emoji\/14.0.0\/svg\/1f48e.svg\" alt=\"\ud83d\udc8e\">Beautiful golden shine<br \/><img decoding=\"async\" role=\"img\" class=\"emoji\" src=\"https:\/\/s.w.org\/images\/core\/emoji\/14.0.0\/svg\/1f48e.svg\" alt=\"\ud83d\udc8e\">Perfect for meditation and energy work<br \/><img decoding=\"async\" role=\"img\" class=\"emoji\" src=\"https:\/\/s.w.org\/images\/core\/emoji\/14.0.0\/svg\/1f48e.svg\" alt=\"\ud83d\udc8e\">Size: As Per your Choised<\/p>\n<p>Benefits:<br \/><img decoding=\"async\" role=\"img\" class=\"emoji\" src=\"https:\/\/s.w.org\/images\/core\/emoji\/14.0.0\/svg\/1f537.svg\" alt=\"\ud83d\udd37\">Pyrite is said to bring abundance, prosperity, and good luck<br \/><img decoding=\"async\" role=\"img\" class=\"emoji\" src=\"https:\/\/s.w.org\/images\/core\/emoji\/14.0.0\/svg\/1f537.svg\" alt=\"\ud83d\udd37\">The pyramid shape is believed to amplify the energy of the crystal<br \/><img decoding=\"async\" role=\"img\" class=\"emoji\" src=\"https:\/\/s.w.org\/images\/core\/emoji\/14.0.0\/svg\/1f537.svg\" alt=\"\ud83d\udd37\">A beautiful addition to any crystal collection<br \/><img decoding=\"async\" role=\"img\" class=\"emoji\" src=\"https:\/\/s.w.org\/images\/core\/emoji\/14.0.0\/svg\/1f537.svg\" alt=\"\ud83d\udd37\">Can be used for manifestation and intention setting<\/strong><\/p>\n","protected":false},"excerpt":{"rendered":"<p><strong>Item : Pyrite Stone Pyramid<br \/>Stone : Pyrite<br \/>Size : \u2014 Availabe In All Sizes(Customized).<br \/>Color : Golden And silver<br \/>Shape :- Pyramid<br \/>Showpiece, Table D\u00e9cor , Home D\u00e9cor, Office D\u00e9cor, Attractive Gifts, Wellness boutique<br \/>Suitable For: Table, Showpiece and decorative<br \/>Occasion:- Christmas, Graduation, Housewarming, Anniversary, Thanksgiving<br \/>Cartoon Character:- bubble<br \/>Specific Uses For Product:- home d\u00e9cor<\/strong><\/p>\n","protected":false},"featured_media":3460,"comment_status":"open","ping_status":"closed","template":"","meta":[],"product_brand":[],"product_cat":[349,95],"product_tag":[162,352],"class_list":{"0":"post-3454","1":"product","2":"type-product","3":"status-publish","4":"has-post-thumbnail","6":"product_cat-pyramid-pyrite","7":"product_cat-pyrite","8":"product_tag-pyramid","9":"product_tag-pyrite","11":"first","12":"instock","13":"shipping-taxable","14":"product-type-simple"},"_links":{"self":[{"href":"https:\/\/crystaluniverses.com\/index.php\/wp-json\/wp\/v2\/product\/3454","targetHints":{"allow":["GET"]}}],"collection":[{"href":"https:\/\/crystaluniverses.com\/index.php\/wp-json\/wp\/v2\/product"}],"about":[{"href":"https:\/\/crystaluniverses.com\/index.php\/wp-json\/wp\/v2\/types\/product"}],"replies":[{"embeddable":true,"href":"https:\/\/crystaluniverses.com\/index.php\/wp-json\/wp\/v2\/comments?post=3454"}],"wp:featuredmedia":[{"embeddable":true,"href":"https:\/\/crystaluniverses.com\/index.php\/wp-json\/wp\/v2\/media\/3460"}],"wp:attachment":[{"href":"https:\/\/crystaluniverses.com\/index.php\/wp-json\/wp\/v2\/media?parent=3454"}],"wp:term":[{"taxonomy":"product_brand","embeddable":true,"href":"https:\/\/crystaluniverses.com\/index.php\/wp-json\/wp\/v2\/product_brand?post=3454"},{"taxonomy":"product_cat","embeddable":true,"href":"https:\/\/crystaluniverses.com\/index.php\/wp-json\/wp\/v2\/product_cat?post=3454"},{"taxonomy":"product_tag","embeddable":true,"href":"https:\/\/crystaluniverses.com\/index.php\/wp-json\/wp\/v2\/product_tag?post=3454"}],"curies":[{"name":"wp","href":"https:\/\/api.w.org\/{rel}","templated":true}]}}